{"id":2382,"date":"2024-12-02T13:41:14","date_gmt":"2024-12-02T13:41:14","guid":{"rendered":"https:\/\/purvexglobal.com\/?page_id=2382"},"modified":"2026-03-04T08:26:07","modified_gmt":"2026-03-04T08:26:07","slug":"iletisim","status":"publish","type":"page","link":"https:\/\/purvexglobal.com\/tr\/iletisim\/","title":{"rendered":"\u0130leti\u015fim"},"content":{"rendered":"<div data-elementor-type=\"wp-page\" data-elementor-id=\"2382\" class=\"elementor elementor-2382\">\n\t\t\t\t<div data-animation-type=\"block\" class=\"elementor-element elementor-element-04cff6e e-con-full e-flex sc_layouts_column_icons_position_left animation_type_block elementor-invisible e-con e-parent\" data-id=\"04cff6e\" data-element_type=\"container\" data-e-type=\"container\" data-settings=\"{&quot;animation&quot;:&quot;ta_fadeinup&quot;}\">\n\t\t\t\t<div class=\"elementor-element elementor-element-3eded0a sc_fly_static elementor-widget elementor-widget-image\" data-id=\"3eded0a\" data-element_type=\"widget\" data-e-type=\"widget\" data-widget_type=\"image.default\">\n\t\t\t\t<div class=\"elementor-widget-container\">\n\t\t\t\t\t\t\t\t\t\t\t\t\t\t\t<img fetchpriority=\"high\" decoding=\"async\" width=\"1250\" height=\"625\" src=\"https:\/\/purvexglobal.com\/wp-content\/uploads\/2025\/11\/contact-us-communication-support-service-assistance-concept.jpg\" class=\"attachment-full size-full wp-image-5760\" alt=\"\" srcset=\"https:\/\/purvexglobal.com\/wp-content\/uploads\/2025\/11\/contact-us-communication-support-service-assistance-concept.jpg 1250w, https:\/\/purvexglobal.com\/wp-content\/uploads\/2025\/11\/contact-us-communication-support-service-assistance-concept-300x150.jpg 300w, https:\/\/purvexglobal.com\/wp-content\/uploads\/2025\/11\/contact-us-communication-support-service-assistance-concept-1024x512.jpg 1024w, https:\/\/purvexglobal.com\/wp-content\/uploads\/2025\/11\/contact-us-communication-support-service-assistance-concept-768x384.jpg 768w, https:\/\/purvexglobal.com\/wp-content\/uploads\/2025\/11\/contact-us-communication-support-service-assistance-concept-370x185.jpg 370w, https:\/\/purvexglobal.com\/wp-content\/uploads\/2025\/11\/contact-us-communication-support-service-assistance-concept-924x462.jpg 924w, https:\/\/purvexglobal.com\/wp-content\/uploads\/2025\/11\/contact-us-communication-support-service-assistance-concept-410x205.jpg 410w\" sizes=\"(max-width: 1250px) 100vw, 1250px\" \/>\t\t\t\t\t\t\t\t\t\t\t\t\t\t\t<\/div>\n\t\t\t\t<\/div>\n\t\t\t\t<\/div>\n\t\t<div class=\"elementor-element elementor-element-18900c9 e-flex e-con-boxed sc_layouts_column_icons_position_left e-con e-parent\" data-id=\"18900c9\" data-element_type=\"container\" data-e-type=\"container\">\n\t\t\t\t\t<div class=\"e-con-inner\">\n\t\t\t\t<div data-animation-type=\"block\" class=\"elementor-element elementor-element-a85ea7a animation_type_block sc_fly_static elementor-invisible elementor-widget elementor-widget-heading\" data-id=\"a85ea7a\" data-element_type=\"widget\" data-e-type=\"widget\" data-settings=\"{&quot;_animation&quot;:&quot;ta_fadeinup&quot;}\" data-widget_type=\"heading.default\">\n\t\t\t\t<div class=\"elementor-widget-container\">\n\t\t\t\t\t<h2 class=\"elementor-heading-title elementor-size-default\">Genel sorular<\/h2>\t\t\t\t<\/div>\n\t\t\t\t<\/div>\n\t\t<div class=\"elementor-element elementor-element-2a75220 e-grid e-con-full sc_layouts_column_icons_position_left e-con e-child\" data-id=\"2a75220\" data-element_type=\"container\" data-e-type=\"container\">\n\t\t<div data-animation-type=\"block\" class=\"elementor-element elementor-element-2c1b013 e-con-full e-flex sc_layouts_column_icons_position_left animation_type_block elementor-invisible e-con e-child\" data-id=\"2c1b013\" data-element_type=\"container\" data-e-type=\"container\" data-settings=\"{&quot;animation&quot;:&quot;ta_fadeinup&quot;}\">\n\t\t\t\t<div class=\"elementor-element elementor-element-1a97c83 sc_fly_static elementor-widget elementor-widget-heading\" data-id=\"1a97c83\" data-element_type=\"widget\" data-e-type=\"widget\" data-widget_type=\"heading.default\">\n\t\t\t\t<div class=\"elementor-widget-container\">\n\t\t\t\t\t<h6 class=\"elementor-heading-title elementor-size-default\">Genel Sorular<\/h6>\t\t\t\t<\/div>\n\t\t\t\t<\/div>\n\t\t\t\t<div class=\"elementor-element elementor-element-b46ffe7 trx-addons-icon-list-traditional elementor-list-item-link-inline trx-addons-icon-left sc_fly_static elementor-widget elementor-widget-trx_elm_icon_list\" data-id=\"b46ffe7\" data-element_type=\"widget\" data-e-type=\"widget\" data-widget_type=\"trx_elm_icon_list.default\">\n\t\t\t\t<div class=\"elementor-widget-container\">\n\t\t\t\t\t\t\t<div class=\"trx-addons-list-container\">\n\t\t\t<ul class=\"trx-addons-list-items\">\n\t\t\t\t\t\t\t\t\t\t\t\t\t\t\t\t\t\t\t\t\t<li class=\"trx-addons-icon-list-item trx-addons-icon-list-item-with-link elementor-repeater-item-9a25d57\">\n\t\t\t\t\t\t\t\t\t\t\t\t\t\t\t<a href=\"mailto:info@purvexglobal.com\">\n\t\t\t\t\t\t\t\t\t\t\t\t\t\t\t<h6 class=\"trx-addons-icon-list-text\">\n\t\t\t\t\t\t\t\tinfo@purvexglobal.com\t\t\t\t\t\t\t<\/h6>\n\t\t\t\t\t\t\t\t\t\t\t\t\t\t\t<\/a>\n\t\t\t\t\t\t\t\t\t\t\t\t\t\t<\/li>\n\t\t\t\t\t\t\t\t\t\t\t\t\t<\/ul>\n\t\t<\/div>\n\t\t\t\t\t\t<\/div>\n\t\t\t\t<\/div>\n\t\t\t\t<\/div>\n\t\t<div data-animation-type=\"block\" class=\"elementor-element elementor-element-cf6e048 e-con-full e-flex sc_layouts_column_icons_position_left animation_type_block elementor-invisible e-con e-child\" data-id=\"cf6e048\" data-element_type=\"container\" data-e-type=\"container\" data-settings=\"{&quot;animation&quot;:&quot;ta_fadeinup&quot;,&quot;animation_delay&quot;:100}\">\n\t\t\t\t<div class=\"elementor-element elementor-element-c850d03 sc_fly_static elementor-widget elementor-widget-heading\" data-id=\"c850d03\" data-element_type=\"widget\" data-e-type=\"widget\" data-widget_type=\"heading.default\">\n\t\t\t\t<div class=\"elementor-widget-container\">\n\t\t\t\t\t<h6 class=\"elementor-heading-title elementor-size-default\">Adres<\/h6>\t\t\t\t<\/div>\n\t\t\t\t<\/div>\n\t\t\t\t<div class=\"elementor-element elementor-element-5797149 elementor-widget__width-initial trx-addons-icon-list-traditional elementor-list-item-link-inline trx-addons-icon-left sc_fly_static elementor-widget elementor-widget-trx_elm_icon_list\" data-id=\"5797149\" data-element_type=\"widget\" data-e-type=\"widget\" data-widget_type=\"trx_elm_icon_list.default\">\n\t\t\t\t<div class=\"elementor-widget-container\">\n\t\t\t\t\t\t\t<div class=\"trx-addons-list-container\">\n\t\t\t<ul class=\"trx-addons-list-items\">\n\t\t\t\t\t\t\t\t\t\t\t\t\t\t\t\t\t\t\t\t\t<li class=\"trx-addons-icon-list-item trx-addons-icon-list-item-without-link elementor-repeater-item-29dafcb\">\n\t\t\t\t\t\t\t\t\t\t\t\t\t\t<h6 class=\"trx-addons-icon-list-text\">\n\t\t\t\t\t\t\t\tHuzur Mahallesi, Cumhuriyet ve Demokrasi Caddesi, No:20\/8 Sar\u0131yer, \u0130stanbul, T\u00fcrkiye\t\t\t\t\t\t\t<\/h6>\n\t\t\t\t\t\t\t\t\t\t\t\t\t<\/li>\n\t\t\t\t\t\t\t\t\t\t\t\t\t<\/ul>\n\t\t<\/div>\n\t\t\t\t\t\t<\/div>\n\t\t\t\t<\/div>\n\t\t\t\t<\/div>\n\t\t<div data-animation-type=\"block\" class=\"elementor-element elementor-element-cf80e44 e-con-full elementor-hidden-desktop elementor-hidden-tablet elementor-hidden-mobile e-flex sc_layouts_column_icons_position_left animation_type_block elementor-invisible e-con e-child\" data-id=\"cf80e44\" data-element_type=\"container\" data-e-type=\"container\" data-settings=\"{&quot;animation&quot;:&quot;ta_fadeinup&quot;,&quot;animation_delay&quot;:200}\">\n\t\t\t\t<div class=\"elementor-element elementor-element-117e0ad sc_fly_static elementor-widget elementor-widget-heading\" data-id=\"117e0ad\" data-element_type=\"widget\" data-e-type=\"widget\" data-widget_type=\"heading.default\">\n\t\t\t\t<div class=\"elementor-widget-container\">\n\t\t\t\t\t<h6 class=\"elementor-heading-title elementor-size-default\">Saat<\/h6>\t\t\t\t<\/div>\n\t\t\t\t<\/div>\n\t\t\t\t<div class=\"elementor-element elementor-element-92053c2 trx-addons-icon-list-traditional elementor-list-item-link-inline trx-addons-icon-left sc_fly_static elementor-widget elementor-widget-trx_elm_icon_list\" data-id=\"92053c2\" data-element_type=\"widget\" data-e-type=\"widget\" data-widget_type=\"trx_elm_icon_list.default\">\n\t\t\t\t<div class=\"elementor-widget-container\">\n\t\t\t\t\t\t\t<div class=\"trx-addons-list-container\">\n\t\t\t<ul class=\"trx-addons-list-items\">\n\t\t\t\t\t\t\t\t\t\t\t\t\t\t\t\t\t\t\t\t\t<li class=\"trx-addons-icon-list-item trx-addons-icon-list-item-without-link elementor-repeater-item-9a25d57\">\n\t\t\t\t\t\t\t\t\t\t\t\t\t\t<h6 class=\"trx-addons-icon-list-text\">\n\t\t\t\t\t\t\t\tPazartesi-Cuma 09:00 - 16:00\t\t\t\t\t\t\t<\/h6>\n\t\t\t\t\t\t\t\t\t\t\t\t\t<\/li>\n\t\t\t\t\t\t\t\t\t\t\t\t\t<\/ul>\n\t\t<\/div>\n\t\t\t\t\t\t<\/div>\n\t\t\t\t<\/div>\n\t\t\t\t<\/div>\n\t\t<div data-animation-type=\"block\" class=\"elementor-element elementor-element-1f65918 e-con-full e-flex sc_layouts_column_icons_position_left animation_type_block elementor-invisible e-con e-child\" data-id=\"1f65918\" data-element_type=\"container\" data-e-type=\"container\" data-settings=\"{&quot;animation&quot;:&quot;ta_fadeinup&quot;,&quot;animation_delay&quot;:300}\">\n\t\t\t\t<div class=\"elementor-element elementor-element-e1e040c sc_fly_static elementor-widget elementor-widget-heading\" data-id=\"e1e040c\" data-element_type=\"widget\" data-e-type=\"widget\" data-widget_type=\"heading.default\">\n\t\t\t\t<div class=\"elementor-widget-container\">\n\t\t\t\t\t<h6 class=\"elementor-heading-title elementor-size-default\">Sosyal Medya<\/h6>\t\t\t\t<\/div>\n\t\t\t\t<\/div>\n\t\t\t\t<div class=\"elementor-element elementor-element-c0eac70 trx-addons-icon-list-traditional elementor-list-item-link-inline trx-addons-icon-left sc_fly_static elementor-widget elementor-widget-trx_elm_icon_list\" data-id=\"c0eac70\" data-element_type=\"widget\" data-e-type=\"widget\" data-widget_type=\"trx_elm_icon_list.default\">\n\t\t\t\t<div class=\"elementor-widget-container\">\n\t\t\t\t\t\t\t<div class=\"trx-addons-list-container\">\n\t\t\t<ul class=\"trx-addons-list-items\">\n\t\t\t\t\t\t\t\t\t\t\t\t\t\t\t\t\t\t\t\t\t<li class=\"trx-addons-icon-list-item trx-addons-icon-list-item-with-link elementor-repeater-item-a9d9945\">\n\t\t\t\t\t\t\t\t\t\t\t\t\t\t\t<a href=\"https:\/\/www.instagram.com\/purvexglobal\" target=\"_blank\" rel=\"noopener\">\n\t\t\t\t\t\t\t\t\t\t\t<span class=\"trx-addons-icon-wrapper\">\n\t\t\t\t\t\t\t\t\t\t<span class=\"trx-addons-icon-list-icon trx-addons-icon\">\n\t\t\t\t\t\t<svg aria-hidden=\"true\" class=\"e-font-icon-svg e-fab-instagram\" viewbox=\"0 0 448 512\" xmlns=\"http:\/\/www.w3.org\/2000\/svg\"><path d=\"M224.1 141c-63.6 0-114.9 51.3-114.9 114.9s51.3 114.9 114.9 114.9S339 319.5 339 255.9 287.7 141 224.1 141zm0 189.6c-41.1 0-74.7-33.5-74.7-74.7s33.5-74.7 74.7-74.7 74.7 33.5 74.7 74.7-33.6 74.7-74.7 74.7zm146.4-194.3c0 14.9-12 26.8-26.8 26.8-14.9 0-26.8-12-26.8-26.8s12-26.8 26.8-26.8 26.8 12 26.8 26.8zm76.1 27.2c-1.7-35.9-9.9-67.7-36.2-93.9-26.2-26.2-58-34.4-93.9-36.2-37-2.1-147.9-2.1-184.9 0-35.8 1.7-67.6 9.9-93.9 36.1s-34.4 58-36.2 93.9c-2.1 37-2.1 147.9 0 184.9 1.7 35.9 9.9 67.7 36.2 93.9s58 34.4 93.9 36.2c37 2.1 147.9 2.1 184.9 0 35.9-1.7 67.7-9.9 93.9-36.2 26.2-26.2 34.4-58 36.2-93.9 2.1-37 2.1-147.8 0-184.8zM398.8 388c-7.8 19.6-22.9 34.7-42.6 42.6-29.5 11.7-99.5 9-132.1 9s-102.7 2.6-132.1-9c-19.6-7.8-34.7-22.9-42.6-42.6-11.7-29.5-9-99.5-9-132.1s-2.6-102.7 9-132.1c7.8-19.6 22.9-34.7 42.6-42.6 29.5-11.7 99.5-9 132.1-9s102.7-2.6 132.1 9c19.6 7.8 34.7 22.9 42.6 42.6 11.7 29.5 9 99.5 9 132.1s2.7 102.7-9 132.1z\"><\/path><\/svg><\/span>\t\t\t<\/span>\n\t\t\t\t\t\t\t\t\t\t<h6 class=\"trx-addons-icon-list-text\">\n\t\t\t\t\t\t\t\tInstagram\t\t\t\t\t\t\t<\/h6>\n\t\t\t\t\t\t\t\t\t\t\t\t\t\t\t<\/a>\n\t\t\t\t\t\t\t\t\t\t\t\t\t\t<\/li>\n\t\t\t\t\t\t\t\t\t\t\t\t\t\t\t\t\t\t\t\t\t\t\t\t\t\t\t<li class=\"trx-addons-icon-list-item trx-addons-icon-list-item-without-link elementor-repeater-item-459facc\">\n\t\t\t\t\t\t\t\t\t\t<span class=\"trx-addons-icon-wrapper\">\n\t\t\t\t\t\t\t\t\t\t<span class=\"trx-addons-icon-list-icon trx-addons-icon\">\n\t\t\t\t\t\t<svg aria-hidden=\"true\" class=\"e-font-icon-svg e-fab-linkedin-in\" viewbox=\"0 0 448 512\" xmlns=\"http:\/\/www.w3.org\/2000\/svg\"><path d=\"M100.28 448H7.4V148.9h92.88zM53.79 108.1C24.09 108.1 0 83.5 0 53.8a53.79 53.79 0 0 1 107.58 0c0 29.7-24.1 54.3-53.79 54.3zM447.9 448h-92.68V302.4c0-34.7-.7-79.2-48.29-79.2-48.29 0-55.69 37.7-55.69 76.7V448h-92.78V148.9h89.08v40.8h1.3c12.4-23.5 42.69-48.3 87.88-48.3 94 0 111.28 61.9 111.28 142.3V448z\"><\/path><\/svg><\/span>\t\t\t<\/span>\n\t\t\t\t\t\t\t\t\t\t<h6 class=\"trx-addons-icon-list-text\">\n\t\t\t\t\t\t\t\tLinkedIn\t\t\t\t\t\t\t<\/h6>\n\t\t\t\t\t\t\t\t\t\t\t\t\t<\/li>\n\t\t\t\t\t\t\t\t\t\t\t\t\t<\/ul>\n\t\t<\/div>\n\t\t\t\t\t\t<\/div>\n\t\t\t\t<\/div>\n\t\t\t\t<\/div>\n\t\t\t\t<\/div>\n\t\t\t\t\t<\/div>\n\t\t\t\t<\/div>\n\t\t<div class=\"elementor-element elementor-element-f68612f e-con-full e-flex sc_layouts_column_icons_position_left e-con e-parent\" data-id=\"f68612f\" data-element_type=\"container\" data-e-type=\"container\">\n\t\t\t\t<div data-animation-type=\"block\" class=\"elementor-element elementor-element-ba62fef elementor-widget-divider--view-line animation_type_block sc_fly_static elementor-invisible elementor-widget elementor-widget-divider\" data-id=\"ba62fef\" data-element_type=\"widget\" data-e-type=\"widget\" data-settings=\"{&quot;_animation&quot;:&quot;ta_fadein&quot;}\" data-widget_type=\"divider.default\">\n\t\t\t\t<div class=\"elementor-widget-container\">\n\t\t\t\t\t\t\t<div class=\"elementor-divider\">\n\t\t\t<span class=\"elementor-divider-separator\">\n\t\t\t\t\t\t<\/span>\n\t\t<\/div>\n\t\t\t\t\t\t<\/div>\n\t\t\t\t<\/div>\n\t\t\t\t<\/div>\n\t\t<div class=\"elementor-element elementor-element-4d6891a e-flex e-con-boxed sc_layouts_column_icons_position_left e-con e-parent\" data-id=\"4d6891a\" data-element_type=\"container\" data-e-type=\"container\">\n\t\t\t\t\t<div class=\"e-con-inner\">\n\t\t\t\t<div data-animation-type=\"line\" data-animation-stagger=\"\" class=\"elementor-element elementor-element-5cad7c4 elementor-widget__width-initial animation_type_line trx-addons-animate sc_fly_static elementor-invisible elementor-widget elementor-widget-trx_elm_advanced_title\" data-id=\"5cad7c4\" data-element_type=\"widget\" data-e-type=\"widget\" data-settings=\"{&quot;_animation&quot;:&quot;ta_fadeinup&quot;,&quot;_animation_delay&quot;:100}\" data-widget_type=\"trx_elm_advanced_title.default\">\n\t\t\t\t<div class=\"elementor-widget-container\">\n\t\t\t\t\t<h2 class=\"trx-addons-advanced-title\" style=\"--var-trx-addons-advanced-title-highlight-animation-duration: 2000ms;\">\n<span class=\"trx-addons-advanced-title-item trx-addons-advanced-title-item-text elementor-repeater-item-e861fd4\">\u0130\u015fletmenizin geli\u015fmesine nas\u0131l yard\u0131mc\u0131 olabilece\u011fimizi ke\u015ffetmek i\u00e7in bizimle ileti\u015fime ge\u00e7in. Bize \u015fu adresten ula\u015fabilirsiniz:<\/span>\n<a href=\"mailto:info@purvexglobal.com\" class=\"trx-addons-advanced-title-item trx-addons-advanced-title-item-text elementor-repeater-item-5ad2a17\">info@purvexglobal.com<\/a><\/h2>\t\t\t\t<\/div>\n\t\t\t\t<\/div>\n\t\t\t\t\t<\/div>\n\t\t\t\t<\/div>\n\t\t\t\t<\/div>","protected":false},"excerpt":{"rendered":"<p>General inquiries General Inquiries info@purvexglobal.com Address Huzur Mahallesi, Cumhuriyet ve Demokrasi Caddesi, No:20&hellip;<\/p>","protected":false},"author":1,"featured_media":0,"parent":0,"menu_order":0,"comment_status":"closed","ping_status":"closed","template":"","meta":{"footnotes":""},"class_list":["post-2382","page","type-page","status-publish","hentry"],"_links":{"self":[{"href":"https:\/\/purvexglobal.com\/tr\/wp-json\/wp\/v2\/pages\/2382","targetHints":{"allow":["GET"]}}],"collection":[{"href":"https:\/\/purvexglobal.com\/tr\/wp-json\/wp\/v2\/pages"}],"about":[{"href":"https:\/\/purvexglobal.com\/tr\/wp-json\/wp\/v2\/types\/page"}],"author":[{"embeddable":true,"href":"https:\/\/purvexglobal.com\/tr\/wp-json\/wp\/v2\/users\/1"}],"replies":[{"embeddable":true,"href":"https:\/\/purvexglobal.com\/tr\/wp-json\/wp\/v2\/comments?post=2382"}],"version-history":[{"count":15,"href":"https:\/\/purvexglobal.com\/tr\/wp-json\/wp\/v2\/pages\/2382\/revisions"}],"predecessor-version":[{"id":6035,"href":"https:\/\/purvexglobal.com\/tr\/wp-json\/wp\/v2\/pages\/2382\/revisions\/6035"}],"wp:attachment":[{"href":"https:\/\/purvexglobal.com\/tr\/wp-json\/wp\/v2\/media?parent=2382"}],"curies":[{"name":"wp","href":"https:\/\/api.w.org\/{rel}","templated":true}]}}